{"id":9426,"date":"2026-03-24T11:43:22","date_gmt":"2026-03-24T15:43:22","guid":{"rendered":"https:\/\/vivaresortsbywyndham.com\/?page_id=9426"},"modified":"2026-03-24T11:57:01","modified_gmt":"2026-03-24T15:57:01","slug":"viva-app","status":"publish","type":"page","link":"https:\/\/vivaresortsbywyndham.com\/pt\/viva-app\/","title":{"rendered":"Viva o APP"},"content":{"rendered":"<div data-elementor-type=\"wp-page\" data-elementor-id=\"9426\" class=\"elementor elementor-9426\" data-elementor-post-type=\"page\">\n\t\t\t\t<div class=\"elementor-element elementor-element-1d280b7 e-flex e-con-boxed e-con e-parent\" data-id=\"1d280b7\" data-element_type=\"container\" data-e-type=\"container\" data-settings=\"{&quot;background_background&quot;:&quot;classic&quot;}\">\n\t\t\t\t\t<div class=\"e-con-inner\">\n\t\t\t\t<div class=\"elementor-element elementor-element-8ec9e26 elementor-widget elementor-widget-heading\" data-id=\"8ec9e26\" data-element_type=\"widget\" data-e-type=\"widget\" data-widget_type=\"heading.default\">\n\t\t\t\t<div class=\"elementor-widget-container\">\n\t\t\t\t\t<h1 class=\"elementor-heading-title elementor-size-default\">Fa\u00e7a o download do aplicativo Viva Resorts<\/h1>\t\t\t\t<\/div>\n\t\t\t\t<\/div>\n\t\t\t\t<div class=\"elementor-element elementor-element-445334c elementor-widget elementor-widget-text-editor\" data-id=\"445334c\" data-element_type=\"widget\" data-e-type=\"widget\" data-widget_type=\"text-editor.default\">\n\t\t\t\t<div class=\"elementor-widget-container\">\n\t\t\t\t\t\t\t\t\t<p>Leve sua experi\u00eancia de f\u00e9rias para o pr\u00f3ximo n\u00edvel com o aplicativo m\u00f3vel Viva Resorts. N\u00e3o importa se voc\u00ea est\u00e1 planejando sua estadia ou se j\u00e1 est\u00e1 no resort, tudo o que voc\u00ea precisa est\u00e1 na ponta dos seus dedos.<\/p>\t\t\t\t\t\t\t\t<\/div>\n\t\t\t\t<\/div>\n\t\t<div class=\"elementor-element elementor-element-a0ac9e5 e-con-full e-flex e-con e-child\" data-id=\"a0ac9e5\" data-element_type=\"container\" data-e-type=\"container\">\n\t\t<div class=\"elementor-element elementor-element-d0600d7 e-con-full e-flex e-con e-child\" data-id=\"d0600d7\" data-element_type=\"container\" data-e-type=\"container\">\n\t\t\t\t<div class=\"elementor-element elementor-element-dd62dc6 link-full-w elementor-widget elementor-widget-image\" data-id=\"dd62dc6\" data-element_type=\"widget\" data-e-type=\"widget\" data-widget_type=\"image.default\">\n\t\t\t\t<div class=\"elementor-widget-container\">\n\t\t\t\t\t\t\t\t\t\t\t\t\t\t\t\t<a href=\"https:\/\/apps.apple.com\/us\/app\/viva-wyndham-resorts\/id1484512487\" target=\"_blank\">\n\t\t\t\t\t\t\t<img decoding=\"async\" width=\"197\" height=\"66\" src=\"https:\/\/vivaresortsbywyndham.com\/wp-content\/uploads\/2025\/04\/apple-app-store-w.svg\" class=\"attachment-large size-large wp-image-5113\" alt=\"\" \/>\t\t\t\t\t\t\t\t<\/a>\n\t\t\t\t\t\t\t\t\t\t\t\t\t\t\t<\/div>\n\t\t\t\t<\/div>\n\t\t\t\t<\/div>\n\t\t<div class=\"elementor-element elementor-element-4788c80 e-con-full e-flex e-con e-child\" data-id=\"4788c80\" data-element_type=\"container\" data-e-type=\"container\">\n\t\t\t\t<div class=\"elementor-element elementor-element-f67c655 link-full-w elementor-widget elementor-widget-image\" data-id=\"f67c655\" data-element_type=\"widget\" data-e-type=\"widget\" data-widget_type=\"image.default\">\n\t\t\t\t<div class=\"elementor-widget-container\">\n\t\t\t\t\t\t\t\t\t\t\t\t\t\t\t\t<a href=\"https:\/\/play.google.com\/store\/apps\/details?id=mobail.viva.wyndham\" target=\"_blank\">\n\t\t\t\t\t\t\t<img decoding=\"async\" width=\"197\" height=\"59\" src=\"https:\/\/vivaresortsbywyndham.com\/wp-content\/uploads\/2025\/04\/google-play-store-w.svg\" class=\"attachment-large size-large wp-image-5112\" alt=\"\" \/>\t\t\t\t\t\t\t\t<\/a>\n\t\t\t\t\t\t\t\t\t\t\t\t\t\t\t<\/div>\n\t\t\t\t<\/div>\n\t\t\t\t<\/div>\n\t\t\t\t<\/div>\n\t\t\t\t\t<\/div>\n\t\t\t\t<\/div>\n\t\t\t\t<\/div>","protected":false},"excerpt":{"rendered":"<p>Download the Viva Resorts App Take your vacation experience to the next level with the Viva Resorts mobile app. Whether you&#8217;re planning your stay or already at the resort, everything you need is right at your fingertips.<\/p>","protected":false},"author":1,"featured_media":0,"parent":0,"menu_order":0,"comment_status":"closed","ping_status":"closed","template":"","meta":{"_acf_changed":false,"footnotes":""},"class_list":["post-9426","page","type-page","status-publish","hentry"],"acf":[],"yoast_head":"<!-- This site is optimized with the Yoast SEO plugin v27.4 - https:\/\/yoast.com\/product\/yoast-seo-wordpress\/ -->\n<title>Descarga Viva Resorts desde Google Play y AppStore - Viva Resorts by Wyndham<\/title>\n<meta name=\"robots\" content=\"index, follow, max-snippet:-1, max-image-preview:large, max-video-preview:-1\" \/>\n<link rel=\"canonical\" href=\"https:\/\/vivaresortsbywyndham.com\/pt\/viva-app\/\" \/>\n<meta property=\"og:locale\" content=\"pt_BR\" \/>\n<meta property=\"og:type\" content=\"article\" \/>\n<meta property=\"og:title\" content=\"Descarga Viva Resorts desde Google Play y AppStore - Viva Resorts by Wyndham\" \/>\n<meta property=\"og:description\" content=\"Download the Viva Resorts App Take your vacation experience to the next level with the Viva Resorts mobile app. Whether you&#8217;re planning your stay or already at the resort, everything you need is right at your fingertips.\" \/>\n<meta property=\"og:url\" content=\"https:\/\/vivaresortsbywyndham.com\/pt\/viva-app\/\" \/>\n<meta property=\"og:site_name\" content=\"Viva Resorts by Wyndham\" \/>\n<meta property=\"article:modified_time\" content=\"2026-03-24T15:57:01+00:00\" \/>\n<meta name=\"twitter:card\" content=\"summary_large_image\" \/>\n<meta name=\"twitter:label1\" content=\"Est. tempo de leitura\" \/>\n\t<meta name=\"twitter:data1\" content=\"1 minuto\" \/>\n<script type=\"application\/ld+json\" class=\"yoast-schema-graph\">{\"@context\":\"https:\\\/\\\/schema.org\",\"@graph\":[{\"@type\":\"WebPage\",\"@id\":\"https:\\\/\\\/vivaresortsbywyndham.com\\\/viva-app\\\/\",\"url\":\"https:\\\/\\\/vivaresortsbywyndham.com\\\/viva-app\\\/\",\"name\":\"Descarga Viva Resorts desde Google Play y AppStore - Viva Resorts by Wyndham\",\"isPartOf\":{\"@id\":\"https:\\\/\\\/vivaresortsbywyndham.com\\\/#website\"},\"primaryImageOfPage\":{\"@id\":\"https:\\\/\\\/vivaresortsbywyndham.com\\\/viva-app\\\/#primaryimage\"},\"image\":{\"@id\":\"https:\\\/\\\/vivaresortsbywyndham.com\\\/viva-app\\\/#primaryimage\"},\"thumbnailUrl\":\"https:\\\/\\\/vivaresortsbywyndham.com\\\/wp-content\\\/uploads\\\/2025\\\/04\\\/apple-app-store-w.svg\",\"datePublished\":\"2026-03-24T15:43:22+00:00\",\"dateModified\":\"2026-03-24T15:57:01+00:00\",\"breadcrumb\":{\"@id\":\"https:\\\/\\\/vivaresortsbywyndham.com\\\/viva-app\\\/#breadcrumb\"},\"inLanguage\":\"pt-BR\",\"potentialAction\":[{\"@type\":\"ReadAction\",\"target\":[\"https:\\\/\\\/vivaresortsbywyndham.com\\\/viva-app\\\/\"]}]},{\"@type\":\"ImageObject\",\"inLanguage\":\"pt-BR\",\"@id\":\"https:\\\/\\\/vivaresortsbywyndham.com\\\/viva-app\\\/#primaryimage\",\"url\":\"https:\\\/\\\/vivaresortsbywyndham.com\\\/wp-content\\\/uploads\\\/2025\\\/04\\\/apple-app-store-w.svg\",\"contentUrl\":\"https:\\\/\\\/vivaresortsbywyndham.com\\\/wp-content\\\/uploads\\\/2025\\\/04\\\/apple-app-store-w.svg\"},{\"@type\":\"BreadcrumbList\",\"@id\":\"https:\\\/\\\/vivaresortsbywyndham.com\\\/viva-app\\\/#breadcrumb\",\"itemListElement\":[{\"@type\":\"ListItem\",\"position\":1,\"name\":\"Home\",\"item\":\"https:\\\/\\\/vivaresortsbywyndham.com\\\/\"},{\"@type\":\"ListItem\",\"position\":2,\"name\":\"Viva APP\"}]},{\"@type\":\"WebSite\",\"@id\":\"https:\\\/\\\/vivaresortsbywyndham.com\\\/#website\",\"url\":\"https:\\\/\\\/vivaresortsbywyndham.com\\\/\",\"name\":\"Viva Resorts by Wyndham\",\"description\":\"\",\"potentialAction\":[{\"@type\":\"SearchAction\",\"target\":{\"@type\":\"EntryPoint\",\"urlTemplate\":\"https:\\\/\\\/vivaresortsbywyndham.com\\\/?s={search_term_string}\"},\"query-input\":{\"@type\":\"PropertyValueSpecification\",\"valueRequired\":true,\"valueName\":\"search_term_string\"}}],\"inLanguage\":\"pt-BR\"}]}<\/script>\n<!-- \/ Yoast SEO plugin. -->","yoast_head_json":{"title":"Baixe o Viva Resorts no Google Play e na AppStore - Viva Resorts by Wyndham","robots":{"index":"index","follow":"follow","max-snippet":"max-snippet:-1","max-image-preview":"max-image-preview:large","max-video-preview":"max-video-preview:-1"},"canonical":"https:\/\/vivaresortsbywyndham.com\/pt\/viva-app\/","og_locale":"pt_BR","og_type":"article","og_title":"Descarga Viva Resorts desde Google Play y AppStore - Viva Resorts by Wyndham","og_description":"Download the Viva Resorts App Take your vacation experience to the next level with the Viva Resorts mobile app. Whether you&#8217;re planning your stay or already at the resort, everything you need is right at your fingertips.","og_url":"https:\/\/vivaresortsbywyndham.com\/pt\/viva-app\/","og_site_name":"Viva Resorts by Wyndham","article_modified_time":"2026-03-24T15:57:01+00:00","twitter_card":"summary_large_image","twitter_misc":{"Est. tempo de leitura":"1 minuto"},"schema":{"@context":"https:\/\/schema.org","@graph":[{"@type":"WebPage","@id":"https:\/\/vivaresortsbywyndham.com\/viva-app\/","url":"https:\/\/vivaresortsbywyndham.com\/viva-app\/","name":"Baixe o Viva Resorts no Google Play e na AppStore - Viva Resorts by Wyndham","isPartOf":{"@id":"https:\/\/vivaresortsbywyndham.com\/#website"},"primaryImageOfPage":{"@id":"https:\/\/vivaresortsbywyndham.com\/viva-app\/#primaryimage"},"image":{"@id":"https:\/\/vivaresortsbywyndham.com\/viva-app\/#primaryimage"},"thumbnailUrl":"https:\/\/vivaresortsbywyndham.com\/wp-content\/uploads\/2025\/04\/apple-app-store-w.svg","datePublished":"2026-03-24T15:43:22+00:00","dateModified":"2026-03-24T15:57:01+00:00","breadcrumb":{"@id":"https:\/\/vivaresortsbywyndham.com\/viva-app\/#breadcrumb"},"inLanguage":"pt-BR","potentialAction":[{"@type":"ReadAction","target":["https:\/\/vivaresortsbywyndham.com\/viva-app\/"]}]},{"@type":"ImageObject","inLanguage":"pt-BR","@id":"https:\/\/vivaresortsbywyndham.com\/viva-app\/#primaryimage","url":"https:\/\/vivaresortsbywyndham.com\/wp-content\/uploads\/2025\/04\/apple-app-store-w.svg","contentUrl":"https:\/\/vivaresortsbywyndham.com\/wp-content\/uploads\/2025\/04\/apple-app-store-w.svg"},{"@type":"BreadcrumbList","@id":"https:\/\/vivaresortsbywyndham.com\/viva-app\/#breadcrumb","itemListElement":[{"@type":"ListItem","position":1,"name":"Home","item":"https:\/\/vivaresortsbywyndham.com\/"},{"@type":"ListItem","position":2,"name":"Viva APP"}]},{"@type":"WebSite","@id":"https:\/\/vivaresortsbywyndham.com\/#website","url":"https:\/\/vivaresortsbywyndham.com\/","name":"Viva Resorts by Wyndham","description":"","potentialAction":[{"@type":"SearchAction","target":{"@type":"EntryPoint","urlTemplate":"https:\/\/vivaresortsbywyndham.com\/?s={search_term_string}"},"query-input":{"@type":"PropertyValueSpecification","valueRequired":true,"valueName":"search_term_string"}}],"inLanguage":"pt-BR"}]}},"_links":{"self":[{"href":"https:\/\/vivaresortsbywyndham.com\/pt\/wp-json\/wp\/v2\/pages\/9426","targetHints":{"allow":["GET"]}}],"collection":[{"href":"https:\/\/vivaresortsbywyndham.com\/pt\/wp-json\/wp\/v2\/pages"}],"about":[{"href":"https:\/\/vivaresortsbywyndham.com\/pt\/wp-json\/wp\/v2\/types\/page"}],"author":[{"embeddable":true,"href":"https:\/\/vivaresortsbywyndham.com\/pt\/wp-json\/wp\/v2\/users\/1"}],"replies":[{"embeddable":true,"href":"https:\/\/vivaresortsbywyndham.com\/pt\/wp-json\/wp\/v2\/comments?post=9426"}],"version-history":[{"count":5,"href":"https:\/\/vivaresortsbywyndham.com\/pt\/wp-json\/wp\/v2\/pages\/9426\/revisions"}],"predecessor-version":[{"id":9454,"href":"https:\/\/vivaresortsbywyndham.com\/pt\/wp-json\/wp\/v2\/pages\/9426\/revisions\/9454"}],"wp:attachment":[{"href":"https:\/\/vivaresortsbywyndham.com\/pt\/wp-json\/wp\/v2\/media?parent=9426"}],"curies":[{"name":"wp","href":"https:\/\/api.w.org\/{rel}","templated":true}]}}