{"id":3815,"date":"2025-04-30T23:12:12","date_gmt":"2025-05-01T03:12:12","guid":{"rendered":"https:\/\/rtm.vivaresortsbywyndham.com\/?page_id=3815"},"modified":"2025-05-14T12:39:57","modified_gmt":"2025-05-14T16:39:57","slug":"vcollections-only-adults-resorts","status":"publish","type":"page","link":"https:\/\/vivaresortsbywyndham.com\/fr\/vcollections-only-adults-resorts\/","title":{"rendered":"R\u00e9serv\u00e9 aux adultes"},"content":{"rendered":"\t\t<div data-elementor-type=\"wp-page\" data-elementor-id=\"3815\" class=\"elementor elementor-3815\" data-elementor-post-type=\"page\">\n\t\t\t\t<div class=\"elementor-element elementor-element-5c8671a e-flex e-con-boxed e-con e-parent\" data-id=\"5c8671a\" data-element_type=\"container\" data-e-type=\"container\">\n\t\t\t\t\t<div class=\"e-con-inner\">\n\t\t\t\t<div class=\"elementor-element elementor-element-1fdfd4c elementor-widget elementor-widget-slider_revolution\" data-id=\"1fdfd4c\" data-element_type=\"widget\" data-e-type=\"widget\" data-widget_type=\"slider_revolution.default\">\n\t\t\t\t<div class=\"elementor-widget-container\">\n\t\t\t\t\t\n\t\t<div class=\"wp-block-themepunch-revslider\">\n\t\t\t\t<p class=\"rs-p-wp-fix\"><\/p>\n\t\t\t\t<sr7-module data-alias=\"Viva-Dominicus-Beach\" data-id=\"2\" id=\"SR7_2_1\" class=\"rs-ov-hidden\" data-version=\"6.7.32\">\n\t\t\t\t\t<sr7-adjuster><\/sr7-adjuster>\n\t\t\t\t\t<sr7-content>\n\t\t\t\t\t\t<sr7-slide id=\"SR7_2_1-3\" data-key=\"3\">\n\t\t\t\t\t\t\t<sr7-bg id=\"SR7_2_1-3-1\" class=\"sr7-layer\"><noscript><img decoding=\"async\" src=\"https:\/\/cdn.vivaresortsbywyndham.com\/wp-content\/uploads\/2025\/04\/aerial-20900331839-o.jpg\" alt=\"\" title=\"aerial_20900331839_o\"><\/noscript><\/sr7-bg>\n\t\t\t\t\t\t<\/sr7-slide>\n\t\t\t\t\t\t<sr7-slide id=\"SR7_2_1-5\" data-key=\"5\">\n\t\t\t\t\t\t\t<sr7-bg id=\"SR7_2_1-5-1\" class=\"sr7-layer\"><noscript><img decoding=\"async\" src=\"https:\/\/cdn.vivaresortsbywyndham.com\/wp-content\/uploads\/2025\/04\/beach-52054907185-o.jpg\" alt=\"\" title=\"beach_52054907185_o\"><\/noscript><\/sr7-bg>\n\t\t\t\t\t\t<\/sr7-slide>\n\t\t\t\t\t\t<sr7-slide id=\"SR7_2_1-6\" data-key=\"6\">\n\t\t\t\t\t\t\t<sr7-bg id=\"SR7_2_1-6-1\" class=\"sr7-layer\"><noscript><img decoding=\"async\" src=\"https:\/\/cdn.vivaresortsbywyndham.com\/wp-content\/uploads\/2025\/05\/52444404939-3757e82ce8-h.jpg\" alt=\"\" title=\"52444404939_3757e82ce8_h\"><\/noscript><\/sr7-bg>\n\t\t\t\t\t\t<\/sr7-slide>\n\t\t\t\t\t\t<sr7-slide id=\"SR7_2_1-41\" data-key=\"41\">\n\t\t\t\t\t\t\t<sr7-bg id=\"SR7_2_1-41-1\" class=\"sr7-layer\"><noscript><img decoding=\"async\" src=\"https:\/\/cdn.vivaresortsbywyndham.com\/wp-content\/uploads\/2025\/05\/52444404939-3757e82ce8-h.jpg\" alt=\"\" title=\"52444404939_3757e82ce8_h\"><\/noscript><\/sr7-bg>\n\t\t\t\t\t\t<\/sr7-slide>\n\t\t\t\t\t\t<sr7-slide id=\"SR7_2_1-42\" data-key=\"42\">\n\t\t\t\t\t\t\t<sr7-bg id=\"SR7_2_1-42-1\" class=\"sr7-layer\"><noscript><img decoding=\"async\" src=\"https:\/\/cdn.vivaresortsbywyndham.com\/wp-content\/uploads\/2025\/05\/32913884697-cb3cbf10eb-k.jpg\" alt=\"\" title=\"32913884697_cb3cbf10eb_k\"><\/noscript><\/sr7-bg>\n\t\t\t\t\t\t<\/sr7-slide>\n\t\t\t\t\t\t<sr7-slide id=\"SR7_2_1-4\" data-key=\"4\">\n\t\t\t\t\t\t<\/sr7-slide>\n\t\t\t\t\t<\/sr7-content>\n\t\t\t\t\t<image_lists style=\"display:none\">\n\t\t\t\t\t\t<img data-src=\"\/\/cdn.vivaresortsbywyndham.com\/wp-content\/uploads\/2025\/04\/aerial-20900331839-o.jpg\" data-libid=\"3557\" data-lib=\"medialibrary\" title=\"aerial_20900331839_o\" width=\"0\" height=\"0\" data-dbsrc=\"Ly9jZG4udml2YXJlc29ydHNieXd5bmRoYW0uY29tL3dwLWNvbnRlbnQvdXBsb2Fkcy8yMDI1LzA0L2FlcmlhbC0yMDkwMDMzMTgzOS1vLmpwZw==\"\/>\n\t\t\t\t\t\t<img data-src=\"\/\/cdn.vivaresortsbywyndham.com\/wp-content\/uploads\/2025\/04\/beach-52054907185-o.jpg\" data-libid=\"3555\" data-lib=\"medialibrary\" title=\"beach_52054907185_o\" width=\"0\" height=\"0\" data-dbsrc=\"Ly9jZG4udml2YXJlc29ydHNieXd5bmRoYW0uY29tL3dwLWNvbnRlbnQvdXBsb2Fkcy8yMDI1LzA0L2JlYWNoLTUyMDU0OTA3MTg1LW8uanBn\"\/>\n\t\t\t\t\t\t<img data-src=\"\/\/cdn.vivaresortsbywyndham.com\/wp-content\/uploads\/2025\/05\/52444404939-3757e82ce8-h.jpg\" data-libid=\"4000\" data-lib=\"medialibrary\" title=\"52444404939_3757e82ce8_h\" width=\"0\" height=\"0\" data-dbsrc=\"Ly9jZG4udml2YXJlc29ydHNieXd5bmRoYW0uY29tL3dwLWNvbnRlbnQvdXBsb2Fkcy8yMDI1LzA1LzUyNDQ0NDA0OTM5LTM3NTdlODJjZTgtaC5qcGc=\"\/>\n\t\t\t\t\t\t<img loading=\"lazy\" data-src=\"\/\/cdn.vivaresortsbywyndham.com\/wp-content\/uploads\/2025\/05\/32913884697-cb3cbf10eb-k.jpg\" data-libid=\"4001\" data-lib=\"medialibrary\" title=\"32913884697_cb3cbf10eb_k\" width=\"0\" height=\"0\" data-dbsrc=\"Ly9jZG4udml2YXJlc29ydHNieXd5bmRoYW0uY29tL3dwLWNvbnRlbnQvdXBsb2Fkcy8yMDI1LzA1LzMyOTEzODg0Njk3LWNiM2NiZjEwZWItay5qcGc=\"\/>\n\t\t\t\t\t<\/image_lists>\n\t\t\t\t<\/sr7-module>\n\t\t\t\t<script>\n\t\t\t\t\tSR7.PMH ??={}; SR7.PMH[\"SR7_2_1\"] = {cn:100,state:false,fn: function() { if (_tpt!==undefined && _tpt.prepareModuleHeight !== undefined) {  _tpt.prepareModuleHeight({id:\"SR7_2_1\",el:[550,550,550,960,720],type:'standard',shdw:'0',gh:[550,550,550,600,500],gw:[1140,1140,1140,960,480],vpt:['-100px&#039;,&#039;-100px&#039;,&#039;-100px&#039;,&#039;-100px&#039;,&#039;-100px'],size:{fullWidth:true, fullHeight:false},mh:'0',onh:0,onw:0,bg:{color:'{\"orig\":\"transparent\",\"type\":\"solid\",\"string\":\"transparent\"}'}});   SR7.PMH[\"SR7_2_1\"].state=true;} else if(SR7.PMH[\"SR7_2_1\"].cn-->0)\tsetTimeout( SR7.PMH[\"SR7_2_1\"].fn,19);}};SR7.PMH[\"SR7_2_1\" ].fn();\n\t\t\t\t<\/script>\n<\/div>\n\n\t\t\t\t\t\t<\/div>\n\t\t\t\t<\/div>\n\t\t\t\t\t<\/div>\n\t\t\t\t<\/div>\n\t\t<div class=\"elementor-element elementor-element-6b1ebdb e-con-full e-flex e-con e-parent\" data-id=\"6b1ebdb\" data-element_type=\"container\" data-e-type=\"container\">\n\t\t\t\t<div class=\"elementor-element elementor-element-db652e2 elementor-widget elementor-widget-image\" data-id=\"db652e2\" data-element_type=\"widget\" data-e-type=\"widget\" data-widget_type=\"image.default\">\n\t\t\t\t<div class=\"elementor-widget-container\">\n\t\t\t\t\t\t\t\t\t\t\t\t\t\t\t<img loading=\"lazy\" decoding=\"async\" width=\"1739\" height=\"103\" src=\"https:\/\/vivaresortsbywyndham.com\/wp-content\/uploads\/2025\/04\/wave-viva.svg\" class=\"attachment-full size-full wp-image-758\" alt=\"\" \/>\t\t\t\t\t\t\t\t\t\t\t\t\t\t\t<\/div>\n\t\t\t\t<\/div>\n\t\t<div class=\"elementor-element elementor-element-c8214b6 e-flex e-con-boxed e-con e-child\" data-id=\"c8214b6\" data-element_type=\"container\" data-e-type=\"container\" data-settings=\"{&quot;background_background&quot;:&quot;classic&quot;,&quot;shape_divider_top&quot;:&quot;waves&quot;,&quot;shape_divider_bottom&quot;:&quot;pyramids&quot;}\">\n\t\t\t\t\t<div class=\"e-con-inner\">\n\t\t\t\t<div class=\"elementor-shape elementor-shape-top\" aria-hidden=\"true\" data-negative=\"false\">\n\t\t\t<svg xmlns=\"http:\/\/www.w3.org\/2000\/svg\" viewBox=\"0 0 1000 100\" preserveAspectRatio=\"none\">\n\t<path class=\"elementor-shape-fill\" d=\"M421.9,6.5c22.6-2.5,51.5,0.4,75.5,5.3c23.6,4.9,70.9,23.5,100.5,35.7c75.8,32.2,133.7,44.5,192.6,49.7\n\tc23.6,2.1,48.7,3.5,103.4-2.5c54.7-6,106.2-25.6,106.2-25.6V0H0v30.3c0,0,72,32.6,158.4,30.5c39.2-0.7,92.8-6.7,134-22.4\n\tc21.2-8.1,52.2-18.2,79.7-24.2C399.3,7.9,411.6,7.5,421.9,6.5z\"\/>\n<\/svg>\t\t<\/div>\n\t\t\t\t<div class=\"elementor-shape elementor-shape-bottom\" aria-hidden=\"true\" data-negative=\"false\">\n\t\t\t<svg xmlns=\"http:\/\/www.w3.org\/2000\/svg\" viewBox=\"0 0 1000 100\" preserveAspectRatio=\"none\">\n\t<path class=\"elementor-shape-fill\" d=\"M761.9,44.1L643.1,27.2L333.8,98L0,3.8V0l1000,0v3.9\"\/>\n<\/svg>\t\t<\/div>\n\t\t<div class=\"elementor-element elementor-element-785c1ed e-con-full e-flex e-con e-child\" data-id=\"785c1ed\" data-element_type=\"container\" data-e-type=\"container\">\n\t\t<div class=\"elementor-element elementor-element-900ad04 e-con-full e-flex e-con e-child\" data-id=\"900ad04\" data-element_type=\"container\" data-e-type=\"container\">\n\t\t\t\t<div class=\"elementor-element elementor-element-7ab2292 elementor-widget__width-initial elementor-widget elementor-widget-heading\" data-id=\"7ab2292\" data-element_type=\"widget\" data-e-type=\"widget\" data-widget_type=\"heading.default\">\n\t\t\t\t<div class=\"elementor-widget-container\">\n\t\t\t\t\t<div class=\"elementor-heading-title elementor-size-default\">Adults Only over 18 years<\/div>\t\t\t\t<\/div>\n\t\t\t\t<\/div>\n\t\t\t\t<div class=\"elementor-element elementor-element-a6a04e9 elementor-widget elementor-widget-heading\" data-id=\"a6a04e9\" data-element_type=\"widget\" data-e-type=\"widget\" data-widget_type=\"heading.default\">\n\t\t\t\t<div class=\"elementor-widget-container\">\n\t\t\t\t\t<h1 class=\"elementor-heading-title elementor-size-default\">An elevated take on all-inclusive<\/h1>\t\t\t\t<\/div>\n\t\t\t\t<\/div>\n\t\t\t\t<div class=\"elementor-element elementor-element-2404d5c elementor-widget elementor-widget-image\" data-id=\"2404d5c\" data-element_type=\"widget\" data-e-type=\"widget\" data-widget_type=\"image.default\">\n\t\t\t\t<div class=\"elementor-widget-container\">\n\t\t\t\t\t\t\t\t\t\t\t\t\t\t\t<img loading=\"lazy\" decoding=\"async\" width=\"135\" height=\"36\" src=\"https:\/\/cdn.vivaresortsbywyndham.com\/wp-content\/uploads\/2025\/04\/logo-wyndham-rewards.svg\" class=\"attachment-large size-large wp-image-2134\" alt=\"\" \/>\t\t\t\t\t\t\t\t\t\t\t\t\t\t\t<\/div>\n\t\t\t\t<\/div>\n\t\t\t\t<\/div>\n\t\t<div class=\"elementor-element elementor-element-6f4d7eb e-flex e-con-boxed e-con e-child\" data-id=\"6f4d7eb\" data-element_type=\"container\" data-e-type=\"container\">\n\t\t\t\t\t<div class=\"e-con-inner\">\n\t\t\t\t<div class=\"elementor-element elementor-element-a03463d post-editor read-more-wrap elementor-widget elementor-widget-text-editor\" data-id=\"a03463d\" data-element_type=\"widget\" data-e-type=\"widget\" data-widget_type=\"text-editor.default\">\n\t\t\t\t<div class=\"elementor-widget-container\">\n\t\t\t\t\t\t\t\t\t<p>Viva V Saman\u00e1 by Wyndham is a <strong>unique all-inclusive, adults-only resort<\/strong> in the Dominican Republic created to meet the demands of engaged and active travelers who appreciate <strong>modern design, hip elegance, elevated gastronomy and beverage service<\/strong>, all in a cool, relaxed atmosphere.<\/p><p><strong>Forget everything you knew about all-inclusive resorts<\/strong>, this property represents a total reboot!\u00a0 Is perfect not only for couples but also for fun filled reunions, an opportunity to indulge and reconnect with friends, or for meeting new traveling companions.<\/p><p><strong>You\u2019ll enjoy upscale, a la carte dining, and cocktails made with brand name liquors.<\/strong> The surroundings and staff have a relaxed, fun and authentic energy. In short, <strong>all-inclusive finally includes you<\/strong>.<\/p>\t\t\t\t\t\t\t\t<\/div>\n\t\t\t\t<\/div>\n\t\t\t\t\t<\/div>\n\t\t\t\t<\/div>\n\t\t\t\t<\/div>\n\t\t\t\t\t<\/div>\n\t\t\t\t<\/div>\n\t\t\t\t<\/div>\n\t\t<div class=\"elementor-element elementor-element-396bc03 e-flex e-con-boxed e-con e-parent\" data-id=\"396bc03\" data-element_type=\"container\" data-e-type=\"container\">\n\t\t\t\t\t<div class=\"e-con-inner\">\n\t\t<div class=\"elementor-element elementor-element-820f94d e-con-full e-flex e-con e-child\" data-id=\"820f94d\" data-element_type=\"container\" data-e-type=\"container\">\n\t\t\t\t<div class=\"elementor-element elementor-element-34e1fb1 elementor-widget elementor-widget-image\" data-id=\"34e1fb1\" data-element_type=\"widget\" data-e-type=\"widget\" data-widget_type=\"image.default\">\n\t\t\t\t<div class=\"elementor-widget-container\">\n\t\t\t\t\t\t\t\t\t\t\t\t\t\t\t<img loading=\"lazy\" decoding=\"async\" width=\"697\" height=\"689\" src=\"https:\/\/cdn.vivaresortsbywyndham.com\/wp-content\/uploads\/2025\/04\/viva-samana-adults-only-graph.png\" class=\"attachment-large size-large wp-image-3833\" alt=\"\" srcset=\"https:\/\/cdn.vivaresortsbywyndham.com\/wp-content\/uploads\/2025\/04\/viva-samana-adults-only-graph.png 697w, https:\/\/cdn.vivaresortsbywyndham.com\/wp-content\/uploads\/2025\/04\/viva-samana-adults-only-graph-300x297.png 300w\" sizes=\"(max-width: 697px) 100vw, 697px\" \/>\t\t\t\t\t\t\t\t\t\t\t\t\t\t\t<\/div>\n\t\t\t\t<\/div>\n\t\t\t\t<\/div>\n\t\t<div class=\"elementor-element elementor-element-60f0dbb e-con-full e-flex e-con e-child\" data-id=\"60f0dbb\" data-element_type=\"container\" data-e-type=\"container\">\n\t\t\t\t<div class=\"elementor-element elementor-element-935ee9b elementor-widget elementor-widget-heading\" data-id=\"935ee9b\" data-element_type=\"widget\" data-e-type=\"widget\" data-widget_type=\"heading.default\">\n\t\t\t\t<div class=\"elementor-widget-container\">\n\t\t\t\t\t<h2 class=\"elementor-heading-title elementor-size-default\">Viva V Saman\u00e1 by Wyndham<\/h2>\t\t\t\t<\/div>\n\t\t\t\t<\/div>\n\t\t\t\t<div class=\"elementor-element elementor-element-01bf73e elementor-widget elementor-widget-text-editor\" data-id=\"01bf73e\" data-element_type=\"widget\" data-e-type=\"widget\" data-widget_type=\"text-editor.default\">\n\t\t\t\t<div class=\"elementor-widget-container\">\n\t\t\t\t\t\t\t\t\t<div class=\"wpb_text_column wpb_content_element \"><div class=\"wpb_wrapper\"><p>Is a beachfront resort located in Las Terrenas \u2013 Saman\u00e1. You\u2019ll find a combination of hip elegance and a relaxed, yet active and modern ambiance at this vibrant adults-only hot spot that is home to a unique award award-winning spa.<\/p><p>Wiggle your toes in the soft golden sand of Coson Beach, relax at the infinity pool and go on a gastronomical journey at our four restaurants.<\/p><\/div><\/div>\t\t\t\t\t\t\t\t<\/div>\n\t\t\t\t<\/div>\n\t\t\t\t<div class=\"elementor-element elementor-element-252b902 elementor-mobile-align-center elementor-widget elementor-widget-button\" data-id=\"252b902\" data-element_type=\"widget\" data-e-type=\"widget\" data-widget_type=\"button.default\">\n\t\t\t\t<div class=\"elementor-widget-container\">\n\t\t\t\t\t\t\t\t\t<div class=\"elementor-button-wrapper\">\n\t\t\t\t\t<a class=\"elementor-button elementor-button-link elementor-size-sm\" href=\"https:\/\/vivaresortsbywyndham.com\/fr\/resorts\/viva-v-samana-by-wyndham-las-terrenas-samana\/\">\n\t\t\t\t\t\t<span class=\"elementor-button-content-wrapper\">\n\t\t\t\t\t\t\t\t\t<span class=\"elementor-button-text\">See Resort<\/span>\n\t\t\t\t\t<\/span>\n\t\t\t\t\t<\/a>\n\t\t\t\t<\/div>\n\t\t\t\t\t\t\t\t<\/div>\n\t\t\t\t<\/div>\n\t\t\t\t<\/div>\n\t\t\t\t\t<\/div>\n\t\t\t\t<\/div>\n\t\t\t\t<\/div>\n\t\t","protected":false},"excerpt":{"rendered":"<p>Adults Only over 18 years An elevated take on all-inclusive Viva V Saman\u00e1 by Wyndham is a unique all-inclusive, adults-only resort in the Dominican Republic created to meet the demands of engaged and active travelers who appreciate modern design, hip elegance, elevated gastronomy and beverage service, all in a cool, relaxed atmosphere. Forget everything you [&hellip;]<\/p>\n","protected":false},"author":1,"featured_media":5923,"parent":0,"menu_order":0,"comment_status":"closed","ping_status":"closed","template":"","meta":{"_acf_changed":false,"footnotes":""},"class_list":["post-3815","page","type-page","status-publish","has-post-thumbnail","hentry"],"acf":[],"yoast_head":"<!-- This site is optimized with the Yoast SEO plugin v27.2 - https:\/\/yoast.com\/product\/yoast-seo-wordpress\/ -->\n<title>Adults Only - Viva Resorts by Wyndham<\/title>\n<meta name=\"description\" content=\"Viva V Saman\u00e1 by Wyndham is a unique all-inclusive, adults-only resort in the Dominican Republic created to meet the demands of engaged and active travelers who appreciate modern design, hip elegance, elevated gastronomy and beverage service, all in a cool, relaxed atmosphere.\" \/>\n<meta name=\"robots\" content=\"index, follow, max-snippet:-1, max-image-preview:large, max-video-preview:-1\" \/>\n<link rel=\"canonical\" href=\"https:\/\/vivaresortsbywyndham.com\/fr\/vcollections-only-adults-resorts\/\" \/>\n<meta property=\"og:locale\" content=\"fr_FR\" \/>\n<meta property=\"og:type\" content=\"article\" \/>\n<meta property=\"og:title\" content=\"Adults Only - Viva Resorts by Wyndham\" \/>\n<meta property=\"og:description\" content=\"Viva V Saman\u00e1 by Wyndham is a unique all-inclusive, adults-only resort in the Dominican Republic created to meet the demands of engaged and active travelers who appreciate modern design, hip elegance, elevated gastronomy and beverage service, all in a cool, relaxed atmosphere.\" \/>\n<meta property=\"og:url\" content=\"https:\/\/vivaresortsbywyndham.com\/fr\/vcollections-only-adults-resorts\/\" \/>\n<meta property=\"og:site_name\" content=\"Viva Resorts by Wyndham\" \/>\n<meta property=\"article:modified_time\" content=\"2025-05-14T16:39:57+00:00\" \/>\n<meta property=\"og:image\" content=\"https:\/\/cdn.vivaresortsbywyndham.com\/wp-content\/uploads\/2025\/05\/adults-only-wyndham-open-graph.jpg\" \/>\n\t<meta property=\"og:image:width\" content=\"1200\" \/>\n\t<meta property=\"og:image:height\" content=\"630\" \/>\n\t<meta property=\"og:image:type\" content=\"image\/jpeg\" \/>\n<meta name=\"twitter:card\" content=\"summary_large_image\" \/>\n<meta name=\"twitter:label1\" content=\"Dur\u00e9e de lecture estim\u00e9e\" \/>\n\t<meta name=\"twitter:data1\" content=\"2 minutes\" \/>\n<script type=\"application\/ld+json\" class=\"yoast-schema-graph\">{\"@context\":\"https:\/\/schema.org\",\"@graph\":[{\"@type\":\"WebPage\",\"@id\":\"https:\/\/vivaresortsbywyndham.com\/vcollections-only-adults-resorts\/\",\"url\":\"https:\/\/vivaresortsbywyndham.com\/vcollections-only-adults-resorts\/\",\"name\":\"Adults Only - Viva Resorts by Wyndham\",\"isPartOf\":{\"@id\":\"https:\/\/vivaresortsbywyndham.com\/#website\"},\"primaryImageOfPage\":{\"@id\":\"https:\/\/vivaresortsbywyndham.com\/vcollections-only-adults-resorts\/#primaryimage\"},\"image\":{\"@id\":\"https:\/\/vivaresortsbywyndham.com\/vcollections-only-adults-resorts\/#primaryimage\"},\"thumbnailUrl\":\"https:\/\/cdn.vivaresortsbywyndham.com\/wp-content\/uploads\/2025\/05\/adults-only-wyndham-open-graph.jpg\",\"datePublished\":\"2025-05-01T03:12:12+00:00\",\"dateModified\":\"2025-05-14T16:39:57+00:00\",\"description\":\"Viva V Saman\u00e1 by Wyndham is a unique all-inclusive, adults-only resort in the Dominican Republic created to meet the demands of engaged and active travelers who appreciate modern design, hip elegance, elevated gastronomy and beverage service, all in a cool, relaxed atmosphere.\",\"breadcrumb\":{\"@id\":\"https:\/\/vivaresortsbywyndham.com\/vcollections-only-adults-resorts\/#breadcrumb\"},\"inLanguage\":\"fr-FR\",\"potentialAction\":[{\"@type\":\"ReadAction\",\"target\":[\"https:\/\/vivaresortsbywyndham.com\/vcollections-only-adults-resorts\/\"]}]},{\"@type\":\"ImageObject\",\"inLanguage\":\"fr-FR\",\"@id\":\"https:\/\/vivaresortsbywyndham.com\/vcollections-only-adults-resorts\/#primaryimage\",\"url\":\"https:\/\/cdn.vivaresortsbywyndham.com\/wp-content\/uploads\/2025\/05\/adults-only-wyndham-open-graph.jpg\",\"contentUrl\":\"https:\/\/cdn.vivaresortsbywyndham.com\/wp-content\/uploads\/2025\/05\/adults-only-wyndham-open-graph.jpg\",\"width\":1200,\"height\":630},{\"@type\":\"BreadcrumbList\",\"@id\":\"https:\/\/vivaresortsbywyndham.com\/vcollections-only-adults-resorts\/#breadcrumb\",\"itemListElement\":[{\"@type\":\"ListItem\",\"position\":1,\"name\":\"Home\",\"item\":\"https:\/\/vivaresortsbywyndham.com\/\"},{\"@type\":\"ListItem\",\"position\":2,\"name\":\"Adults Only\"}]},{\"@type\":\"WebSite\",\"@id\":\"https:\/\/vivaresortsbywyndham.com\/#website\",\"url\":\"https:\/\/vivaresortsbywyndham.com\/\",\"name\":\"Viva Resorts by Wyndham\",\"description\":\"\",\"potentialAction\":[{\"@type\":\"SearchAction\",\"target\":{\"@type\":\"EntryPoint\",\"urlTemplate\":\"https:\/\/vivaresortsbywyndham.com\/?s={search_term_string}\"},\"query-input\":{\"@type\":\"PropertyValueSpecification\",\"valueRequired\":true,\"valueName\":\"search_term_string\"}}],\"inLanguage\":\"fr-FR\"}]}<\/script>\n<!-- \/ Yoast SEO plugin. -->","yoast_head_json":{"title":"Adultes seulement - Viva Resorts by Wyndham","description":"Viva V Saman\u00e1 by Wyndham est un centre de vill\u00e9giature unique, tout compris, r\u00e9serv\u00e9 aux adultes en R\u00e9publique dominicaine, cr\u00e9\u00e9 pour r\u00e9pondre aux exigences des voyageurs engag\u00e9s et actifs qui appr\u00e9cient le design moderne, l'\u00e9l\u00e9gance branch\u00e9e, la gastronomie de haut niveau et le service de boissons, le tout dans une atmosph\u00e8re cool et d\u00e9contract\u00e9e.","robots":{"index":"index","follow":"follow","max-snippet":"max-snippet:-1","max-image-preview":"max-image-preview:large","max-video-preview":"max-video-preview:-1"},"canonical":"https:\/\/vivaresortsbywyndham.com\/fr\/vcollections-only-adults-resorts\/","og_locale":"fr_FR","og_type":"article","og_title":"Adults Only - Viva Resorts by Wyndham","og_description":"Viva V Saman\u00e1 by Wyndham is a unique all-inclusive, adults-only resort in the Dominican Republic created to meet the demands of engaged and active travelers who appreciate modern design, hip elegance, elevated gastronomy and beverage service, all in a cool, relaxed atmosphere.","og_url":"https:\/\/vivaresortsbywyndham.com\/fr\/vcollections-only-adults-resorts\/","og_site_name":"Viva Resorts by Wyndham","article_modified_time":"2025-05-14T16:39:57+00:00","og_image":[{"width":1200,"height":630,"url":"https:\/\/cdn.vivaresortsbywyndham.com\/wp-content\/uploads\/2025\/05\/adults-only-wyndham-open-graph.jpg","type":"image\/jpeg"}],"twitter_card":"summary_large_image","twitter_misc":{"Dur\u00e9e de lecture estim\u00e9e":"2 minutes"},"schema":{"@context":"https:\/\/schema.org","@graph":[{"@type":"WebPage","@id":"https:\/\/vivaresortsbywyndham.com\/vcollections-only-adults-resorts\/","url":"https:\/\/vivaresortsbywyndham.com\/vcollections-only-adults-resorts\/","name":"Adultes seulement - Viva Resorts by Wyndham","isPartOf":{"@id":"https:\/\/vivaresortsbywyndham.com\/#website"},"primaryImageOfPage":{"@id":"https:\/\/vivaresortsbywyndham.com\/vcollections-only-adults-resorts\/#primaryimage"},"image":{"@id":"https:\/\/vivaresortsbywyndham.com\/vcollections-only-adults-resorts\/#primaryimage"},"thumbnailUrl":"https:\/\/cdn.vivaresortsbywyndham.com\/wp-content\/uploads\/2025\/05\/adults-only-wyndham-open-graph.jpg","datePublished":"2025-05-01T03:12:12+00:00","dateModified":"2025-05-14T16:39:57+00:00","description":"Viva V Saman\u00e1 by Wyndham est un centre de vill\u00e9giature unique, tout compris, r\u00e9serv\u00e9 aux adultes en R\u00e9publique dominicaine, cr\u00e9\u00e9 pour r\u00e9pondre aux exigences des voyageurs engag\u00e9s et actifs qui appr\u00e9cient le design moderne, l'\u00e9l\u00e9gance branch\u00e9e, la gastronomie de haut niveau et le service de boissons, le tout dans une atmosph\u00e8re cool et d\u00e9contract\u00e9e.","breadcrumb":{"@id":"https:\/\/vivaresortsbywyndham.com\/vcollections-only-adults-resorts\/#breadcrumb"},"inLanguage":"fr-FR","potentialAction":[{"@type":"ReadAction","target":["https:\/\/vivaresortsbywyndham.com\/vcollections-only-adults-resorts\/"]}]},{"@type":"ImageObject","inLanguage":"fr-FR","@id":"https:\/\/vivaresortsbywyndham.com\/vcollections-only-adults-resorts\/#primaryimage","url":"https:\/\/cdn.vivaresortsbywyndham.com\/wp-content\/uploads\/2025\/05\/adults-only-wyndham-open-graph.jpg","contentUrl":"https:\/\/cdn.vivaresortsbywyndham.com\/wp-content\/uploads\/2025\/05\/adults-only-wyndham-open-graph.jpg","width":1200,"height":630},{"@type":"BreadcrumbList","@id":"https:\/\/vivaresortsbywyndham.com\/vcollections-only-adults-resorts\/#breadcrumb","itemListElement":[{"@type":"ListItem","position":1,"name":"Home","item":"https:\/\/vivaresortsbywyndham.com\/"},{"@type":"ListItem","position":2,"name":"Adults Only"}]},{"@type":"WebSite","@id":"https:\/\/vivaresortsbywyndham.com\/#website","url":"https:\/\/vivaresortsbywyndham.com\/","name":"Viva Resorts by Wyndham","description":"","potentialAction":[{"@type":"SearchAction","target":{"@type":"EntryPoint","urlTemplate":"https:\/\/vivaresortsbywyndham.com\/?s={search_term_string}"},"query-input":{"@type":"PropertyValueSpecification","valueRequired":true,"valueName":"search_term_string"}}],"inLanguage":"fr-FR"}]}},"_links":{"self":[{"href":"https:\/\/vivaresortsbywyndham.com\/fr\/wp-json\/wp\/v2\/pages\/3815","targetHints":{"allow":["GET"]}}],"collection":[{"href":"https:\/\/vivaresortsbywyndham.com\/fr\/wp-json\/wp\/v2\/pages"}],"about":[{"href":"https:\/\/vivaresortsbywyndham.com\/fr\/wp-json\/wp\/v2\/types\/page"}],"author":[{"embeddable":true,"href":"https:\/\/vivaresortsbywyndham.com\/fr\/wp-json\/wp\/v2\/users\/1"}],"replies":[{"embeddable":true,"href":"https:\/\/vivaresortsbywyndham.com\/fr\/wp-json\/wp\/v2\/comments?post=3815"}],"version-history":[{"count":5,"href":"https:\/\/vivaresortsbywyndham.com\/fr\/wp-json\/wp\/v2\/pages\/3815\/revisions"}],"predecessor-version":[{"id":5924,"href":"https:\/\/vivaresortsbywyndham.com\/fr\/wp-json\/wp\/v2\/pages\/3815\/revisions\/5924"}],"wp:featuredmedia":[{"embeddable":true,"href":"https:\/\/vivaresortsbywyndham.com\/fr\/wp-json\/wp\/v2\/media\/5923"}],"wp:attachment":[{"href":"https:\/\/vivaresortsbywyndham.com\/fr\/wp-json\/wp\/v2\/media?parent=3815"}],"curies":[{"name":"wp","href":"https:\/\/api.w.org\/{rel}","templated":true}]}}